{"id":4523,"date":"2021-10-11T11:28:53","date_gmt":"2021-10-11T09:28:53","guid":{"rendered":"https:\/\/www.vestack.com\/actualites\/"},"modified":"2024-05-21T17:12:39","modified_gmt":"2024-05-21T15:12:39","slug":"actualites","status":"publish","type":"page","link":"https:\/\/www.vestack.com\/en\/actualites\/","title":{"rendered":"News"},"content":{"rendered":"\t\t<div data-elementor-type=\"wp-page\" data-elementor-id=\"4523\" class=\"elementor elementor-4523 elementor-1741\" data-elementor-post-type=\"page\">\n\t\t\t\t<div class=\"has_eae_slider elementor-element elementor-element-d52898d e-flex e-con-boxed e-con e-parent\" data-eae-slider=\"24051\" data-id=\"d52898d\" data-element_type=\"container\" data-e-type=\"container\">\n\t\t\t\t\t<div class=\"e-con-inner\">\n\t\t<div class=\"has_eae_slider elementor-element elementor-element-b80d40e e-flex e-con-boxed e-con e-child\" data-eae-slider=\"39865\" data-id=\"b80d40e\" data-element_type=\"container\" data-e-type=\"container\">\n\t\t\t\t\t<div class=\"e-con-inner\">\n\t\t\t\t<div class=\"elementor-element elementor-element-813cd73 elementor-widget elementor-widget-heading\" data-id=\"813cd73\" data-element_type=\"widget\" data-e-type=\"widget\" data-widget_type=\"heading.default\">\n\t\t\t\t<div class=\"elementor-widget-container\">\n\t\t\t\t\t<h1 class=\"elementor-heading-title elementor-size-default\">News<\/h1>\t\t\t\t<\/div>\n\t\t\t\t<\/div>\n\t\t<a class=\"has_eae_slider elementor-element elementor-element-d72b8b9 e-con-full e-flex elementor-invisible e-con e-child\" data-eae-slider=\"38482\" data-id=\"d72b8b9\" data-element_type=\"container\" data-e-type=\"container\" data-settings=\"{&quot;background_background&quot;:&quot;classic&quot;,&quot;animation&quot;:&quot;fadeInUp&quot;,&quot;animation_delay&quot;:200}\" href=\"https:\/\/drive.google.com\/drive\/folders\/15Fm8QSCxOoWBqSCgVNAeOVEwTS7wL8Dn\" target=\"_blank\" rel=\"nofollow noopener\">\n\t\t\t\t<div class=\"elementor-element elementor-element-16bc953 elementor-widget elementor-widget-heading\" data-id=\"16bc953\" data-element_type=\"widget\" data-e-type=\"widget\" data-widget_type=\"heading.default\">\n\t\t\t\t<div class=\"elementor-widget-container\">\n\t\t\t\t\t<div class=\"elementor-heading-title elementor-size-default\">Download<br \/> press kit<\/div>\t\t\t\t<\/div>\n\t\t\t\t<\/div>\n\t\t\t\t<div class=\"elementor-element elementor-element-09d38b9 elementor-widget__width-auto elementor-view-default elementor-widget elementor-widget-icon\" data-id=\"09d38b9\" data-element_type=\"widget\" data-e-type=\"widget\" data-widget_type=\"icon.default\">\n\t\t\t\t<div class=\"elementor-widget-container\">\n\t\t\t\t\t\t\t<div class=\"elementor-icon-wrapper\">\n\t\t\t<div class=\"elementor-icon\">\n\t\t\t<svg aria-hidden=\"true\" class=\"e-font-icon-svg e-fab-google-drive\" viewBox=\"0 0 512 512\" xmlns=\"http:\/\/www.w3.org\/2000\/svg\"><path d=\"M339 314.9L175.4 32h161.2l163.6 282.9H339zm-137.5 23.6L120.9 480h310.5L512 338.5H201.5zM154.1 67.4L0 338.5 80.6 480 237 208.8 154.1 67.4z\"><\/path><\/svg>\t\t\t<\/div>\n\t\t<\/div>\n\t\t\t\t\t\t<\/div>\n\t\t\t\t<\/div>\n\t\t\t\t<\/a>\n\t\t\t\t\t<\/div>\n\t\t\t\t<\/div>\n\t\t\t\t<div class=\"elementor-element elementor-element-da1c9fe elementor-grid-1 elementor-posts--thumbnail-left elementor-grid-tablet-2 elementor-grid-mobile-1 elementor-widget elementor-widget-posts\" data-id=\"da1c9fe\" data-element_type=\"widget\" data-e-type=\"widget\" data-settings=\"{&quot;classic_columns&quot;:&quot;1&quot;,&quot;classic_row_gap&quot;:{&quot;unit&quot;:&quot;px&quot;,&quot;size&quot;:60,&quot;sizes&quot;:[]},&quot;pagination_type&quot;:&quot;load_more_infinite_scroll&quot;,&quot;classic_columns_tablet&quot;:&quot;2&quot;,&quot;classic_columns_mobile&quot;:&quot;1&quot;,&quot;classic_row_gap_widescreen&quot;:{&quot;unit&quot;:&quot;px&quot;,&quot;size&quot;:&quot;&quot;,&quot;sizes&quot;:[]},&quot;classic_row_gap_laptop&quot;:{&quot;unit&quot;:&quot;px&quot;,&quot;size&quot;:&quot;&quot;,&quot;sizes&quot;:[]},&quot;classic_row_gap_tablet_extra&quot;:{&quot;unit&quot;:&quot;px&quot;,&quot;size&quot;:&quot;&quot;,&quot;sizes&quot;:[]},&quot;classic_row_gap_tablet&quot;:{&quot;unit&quot;:&quot;px&quot;,&quot;size&quot;:&quot;&quot;,&quot;sizes&quot;:[]},&quot;classic_row_gap_mobile&quot;:{&quot;unit&quot;:&quot;px&quot;,&quot;size&quot;:&quot;&quot;,&quot;sizes&quot;:[]},&quot;load_more_spinner&quot;:{&quot;value&quot;:&quot;fas fa-spinner&quot;,&quot;library&quot;:&quot;fa-solid&quot;}}\" data-widget_type=\"posts.classic\">\n\t\t\t\t<div class=\"elementor-widget-container\">\n\t\t\t\t\t\t\t<div class=\"elementor-posts-container elementor-posts elementor-posts--skin-classic elementor-grid\" role=\"list\">\n\t\t\t\t<article class=\"elementor-post elementor-grid-item post-14849 post type-post status-publish format-standard has-post-thumbnail hentry category-uncategorized\" role=\"listitem\">\n\t\t\t\t<a class=\"elementor-post__thumbnail__link\" href=\"https:\/\/www.vestack.com\/en\/groupe-asts-dealer-network-joins-forces-with-vestack-to-save-jobs-at-the-pobi-plant\/\" tabindex=\"-1\">\n\t\t\t<div class=\"elementor-post__thumbnail\"><img fetchpriority=\"high\" decoding=\"async\" width=\"768\" height=\"349\" src=\"https:\/\/www.vestack.com\/wp-content\/uploads\/2024\/11\/drone__1_sur_14_-768x349.jpg\" class=\"attachment-medium_large size-medium_large wp-image-14846\" alt=\"Vue drone de l&#039;usine POBI, situ\u00e9e \u00e0 la charit\u00e9 sur Loire.\" srcset=\"https:\/\/www.vestack.com\/wp-content\/uploads\/2024\/11\/drone__1_sur_14_-768x349.jpg 768w, https:\/\/www.vestack.com\/wp-content\/uploads\/2024\/11\/drone__1_sur_14_-300x136.jpg 300w, https:\/\/www.vestack.com\/wp-content\/uploads\/2024\/11\/drone__1_sur_14_-1024x466.jpg 1024w, https:\/\/www.vestack.com\/wp-content\/uploads\/2024\/11\/drone__1_sur_14_-1536x699.jpg 1536w, https:\/\/www.vestack.com\/wp-content\/uploads\/2024\/11\/drone__1_sur_14_.jpg 2048w\" sizes=\"(max-width: 768px) 100vw, 768px\" \/><\/div>\n\t\t<\/a>\n\t\t\t\t<div class=\"elementor-post__text\">\n\t\t\t\t<h2 class=\"elementor-post__title\">\n\t\t\t<a href=\"https:\/\/www.vestack.com\/en\/groupe-asts-dealer-network-joins-forces-with-vestack-to-save-jobs-at-the-pobi-plant\/\">\n\t\t\t\tGroupe AST&#8217;s dealer network joins forces with Vestack to save jobs at the POBI plant\t\t\t<\/a>\n\t\t<\/h2>\n\t\t\t\t<div class=\"elementor-post__meta-data\">\n\t\t\t\t\t<span class=\"elementor-post-date\">\n\t\t\t5 November 2024\t\t<\/span>\n\t\t\t\t<\/div>\n\t\t\t\t<div class=\"elementor-post__excerpt\">\n\t\t\t<p>AST Group&#8217;s network of homebuilder dealers and off-site low-carbon compant Vestack present a joint rescue plan to relaunch the POBI plant and save the hundreds<\/p>\n\t\t<\/div>\n\t\t\t\t\t<div class=\"elementor-post__read-more-wrapper\">\n\t\t\n\t\t<a class=\"elementor-post__read-more\" href=\"https:\/\/www.vestack.com\/en\/groupe-asts-dealer-network-joins-forces-with-vestack-to-save-jobs-at-the-pobi-plant\/\" aria-label=\"Read more about Groupe AST&#8217;s dealer network joins forces with Vestack to save jobs at the POBI plant\" tabindex=\"-1\">\n\t\t\tRead more\t\t<\/a>\n\n\t\t\t\t\t<\/div>\n\t\t\t\t<\/div>\n\t\t\t\t<\/article>\n\t\t\t\t<article class=\"elementor-post elementor-grid-item post-14815 post type-post status-publish format-standard has-post-thumbnail hentry category-uncategorized tag-low-carbon-building tag-modular-innovation tag-sustainable-construction tag-tech-for-impact\" role=\"listitem\">\n\t\t\t\t<a class=\"elementor-post__thumbnail__link\" href=\"https:\/\/www.vestack.com\/en\/vestack-in-the-top-20-tech-for-impact-by-pwc-x-builtworlds\/\" tabindex=\"-1\">\n\t\t\t<div class=\"elementor-post__thumbnail\"><img decoding=\"async\" width=\"768\" height=\"432\" src=\"https:\/\/www.vestack.com\/wp-content\/uploads\/2024\/10\/241014-Classement-Tech-for-impact-768x432.jpg\" class=\"attachment-medium_large size-medium_large wp-image-14810\" alt=\"\" srcset=\"https:\/\/www.vestack.com\/wp-content\/uploads\/2024\/10\/241014-Classement-Tech-for-impact-768x432.jpg 768w, https:\/\/www.vestack.com\/wp-content\/uploads\/2024\/10\/241014-Classement-Tech-for-impact-300x169.jpg 300w, https:\/\/www.vestack.com\/wp-content\/uploads\/2024\/10\/241014-Classement-Tech-for-impact-1024x576.jpg 1024w, https:\/\/www.vestack.com\/wp-content\/uploads\/2024\/10\/241014-Classement-Tech-for-impact-1536x864.jpg 1536w, https:\/\/www.vestack.com\/wp-content\/uploads\/2024\/10\/241014-Classement-Tech-for-impact.jpg 2048w\" sizes=\"(max-width: 768px) 100vw, 768px\" \/><\/div>\n\t\t<\/a>\n\t\t\t\t<div class=\"elementor-post__text\">\n\t\t\t\t<h2 class=\"elementor-post__title\">\n\t\t\t<a href=\"https:\/\/www.vestack.com\/en\/vestack-in-the-top-20-tech-for-impact-by-pwc-x-builtworlds\/\">\n\t\t\t\tVestack in the TOP-20 Tech for Impact by pwc x Builtworlds!\t\t\t<\/a>\n\t\t<\/h2>\n\t\t\t\t<div class=\"elementor-post__meta-data\">\n\t\t\t\t\t<span class=\"elementor-post-date\">\n\t\t\t14 October 2024\t\t<\/span>\n\t\t\t\t<\/div>\n\t\t\t\t<div class=\"elementor-post__excerpt\">\n\t\t\t<p>We are honored to be included in the TECH FOR IMPACT MAP 2024: TOP 100 ranking. Compiled by a team of experts from PwC Germany<\/p>\n\t\t<\/div>\n\t\t\t\t\t<div class=\"elementor-post__read-more-wrapper\">\n\t\t\n\t\t<a class=\"elementor-post__read-more\" href=\"https:\/\/www.vestack.com\/en\/vestack-in-the-top-20-tech-for-impact-by-pwc-x-builtworlds\/\" aria-label=\"Read more about Vestack in the TOP-20 Tech for Impact by pwc x Builtworlds!\" tabindex=\"-1\">\n\t\t\tRead more\t\t<\/a>\n\n\t\t\t\t\t<\/div>\n\t\t\t\t<\/div>\n\t\t\t\t<\/article>\n\t\t\t\t<article class=\"elementor-post elementor-grid-item post-14319 post type-post status-publish format-standard has-post-thumbnail hentry category-uncategorized\" role=\"listitem\">\n\t\t\t\t<a class=\"elementor-post__thumbnail__link\" href=\"https:\/\/www.vestack.com\/en\/creation-of-the-off-site-brand-association\/\" tabindex=\"-1\">\n\t\t\t<div class=\"elementor-post__thumbnail\"><img decoding=\"async\" width=\"768\" height=\"1024\" src=\"https:\/\/www.vestack.com\/wp-content\/uploads\/2024\/03\/1709900846175-768x1024.jpg\" class=\"attachment-medium_large size-medium_large wp-image-13901\" alt=\"\" srcset=\"https:\/\/www.vestack.com\/wp-content\/uploads\/2024\/03\/1709900846175-768x1024.jpg 768w, https:\/\/www.vestack.com\/wp-content\/uploads\/2024\/03\/1709900846175-225x300.jpg 225w, https:\/\/www.vestack.com\/wp-content\/uploads\/2024\/03\/1709900846175-1152x1536.jpg 1152w, https:\/\/www.vestack.com\/wp-content\/uploads\/2024\/03\/1709900846175.jpg 1280w\" sizes=\"(max-width: 768px) 100vw, 768px\" \/><\/div>\n\t\t<\/a>\n\t\t\t\t<div class=\"elementor-post__text\">\n\t\t\t\t<h2 class=\"elementor-post__title\">\n\t\t\t<a href=\"https:\/\/www.vestack.com\/en\/creation-of-the-off-site-brand-association\/\">\n\t\t\t\tCreation of the off-site brand association\t\t\t<\/a>\n\t\t<\/h2>\n\t\t\t\t<div class=\"elementor-post__meta-data\">\n\t\t\t\t\t<span class=\"elementor-post-date\">\n\t\t\t23 May 2024\t\t<\/span>\n\t\t\t\t<\/div>\n\t\t\t\t<div class=\"elementor-post__excerpt\">\n\t\t\t<p>Sometimes we feel the world moving On Wednesday, an important foundation has been posed for the off-site construction Over a hundred of off-site actors are<\/p>\n\t\t<\/div>\n\t\t\t\t\t<div class=\"elementor-post__read-more-wrapper\">\n\t\t\n\t\t<a class=\"elementor-post__read-more\" href=\"https:\/\/www.vestack.com\/en\/creation-of-the-off-site-brand-association\/\" aria-label=\"Read more about Creation of the off-site brand association\" tabindex=\"-1\">\n\t\t\tRead more\t\t<\/a>\n\n\t\t\t\t\t<\/div>\n\t\t\t\t<\/div>\n\t\t\t\t<\/article>\n\t\t\t\t<article class=\"elementor-post elementor-grid-item post-14317 post type-post status-publish format-standard has-post-thumbnail hentry category-vie-dentreprise-en\" role=\"listitem\">\n\t\t\t\t<a class=\"elementor-post__thumbnail__link\" href=\"https:\/\/www.vestack.com\/en\/vestack-welcomes-new-collborators\/\" tabindex=\"-1\">\n\t\t\t<div class=\"elementor-post__thumbnail\"><img loading=\"lazy\" decoding=\"async\" width=\"768\" height=\"1086\" src=\"https:\/\/www.vestack.com\/wp-content\/uploads\/2024\/03\/1711023670832-768x1086.jpg\" class=\"attachment-medium_large size-medium_large wp-image-13902\" alt=\"\" srcset=\"https:\/\/www.vestack.com\/wp-content\/uploads\/2024\/03\/1711023670832-768x1086.jpg 768w, https:\/\/www.vestack.com\/wp-content\/uploads\/2024\/03\/1711023670832-212x300.jpg 212w, https:\/\/www.vestack.com\/wp-content\/uploads\/2024\/03\/1711023670832-724x1024.jpg 724w, https:\/\/www.vestack.com\/wp-content\/uploads\/2024\/03\/1711023670832.jpg 800w\" sizes=\"(max-width: 768px) 100vw, 768px\" \/><\/div>\n\t\t<\/a>\n\t\t\t\t<div class=\"elementor-post__text\">\n\t\t\t\t<h2 class=\"elementor-post__title\">\n\t\t\t<a href=\"https:\/\/www.vestack.com\/en\/vestack-welcomes-new-collborators\/\">\n\t\t\t\tVestack welcomes new collborators\t\t\t<\/a>\n\t\t<\/h2>\n\t\t\t\t<div class=\"elementor-post__meta-data\">\n\t\t\t\t\t<span class=\"elementor-post-date\">\n\t\t\t23 May 2024\t\t<\/span>\n\t\t\t\t<\/div>\n\t\t\t\t<div class=\"elementor-post__excerpt\">\n\t\t\t<p>They join us the last monthes In the service of the city of tomorrow, the Vestack team is growing! &#13; We are delighted to welcome<\/p>\n\t\t<\/div>\n\t\t\t\t\t<div class=\"elementor-post__read-more-wrapper\">\n\t\t\n\t\t<a class=\"elementor-post__read-more\" href=\"https:\/\/www.vestack.com\/en\/vestack-welcomes-new-collborators\/\" aria-label=\"Read more about Vestack welcomes new collborators\" tabindex=\"-1\">\n\t\t\tRead more\t\t<\/a>\n\n\t\t\t\t\t<\/div>\n\t\t\t\t<\/div>\n\t\t\t\t<\/article>\n\t\t\t\t<article class=\"elementor-post elementor-grid-item post-14190 post type-post status-publish format-standard has-post-thumbnail hentry category-uncategorized\" role=\"listitem\">\n\t\t\t\t<a class=\"elementor-post__thumbnail__link\" href=\"https:\/\/www.vestack.com\/en\/vestack-is-coming-in-impact-120\/\" tabindex=\"-1\">\n\t\t\t<div class=\"elementor-post__thumbnail\"><img loading=\"lazy\" decoding=\"async\" width=\"768\" height=\"368\" src=\"https:\/\/www.vestack.com\/wp-content\/uploads\/2024\/03\/1711485315318-768x368.jpg\" class=\"attachment-medium_large size-medium_large wp-image-13905\" alt=\"\" srcset=\"https:\/\/www.vestack.com\/wp-content\/uploads\/2024\/03\/1711485315318-768x368.jpg 768w, https:\/\/www.vestack.com\/wp-content\/uploads\/2024\/03\/1711485315318-300x144.jpg 300w, https:\/\/www.vestack.com\/wp-content\/uploads\/2024\/03\/1711485315318-1024x491.jpg 1024w, https:\/\/www.vestack.com\/wp-content\/uploads\/2024\/03\/1711485315318-1536x736.jpg 1536w, https:\/\/www.vestack.com\/wp-content\/uploads\/2024\/03\/1711485315318.jpg 1686w\" sizes=\"(max-width: 768px) 100vw, 768px\" \/><\/div>\n\t\t<\/a>\n\t\t\t\t<div class=\"elementor-post__text\">\n\t\t\t\t<h2 class=\"elementor-post__title\">\n\t\t\t<a href=\"https:\/\/www.vestack.com\/en\/vestack-is-coming-in-impact-120\/\">\n\t\t\t\tVestack is coming in impact 120\t\t\t<\/a>\n\t\t<\/h2>\n\t\t\t\t<div class=\"elementor-post__meta-data\">\n\t\t\t\t\t<span class=\"elementor-post-date\">\n\t\t\t22 May 2024\t\t<\/span>\n\t\t\t\t<\/div>\n\t\t\t\t<div class=\"elementor-post__excerpt\">\n\t\t\t<p>Vestack is certificated Impact 120 Every year, the Impact France move select the best impact companies with a strong potential to be part of the<\/p>\n\t\t<\/div>\n\t\t\t\t\t<div class=\"elementor-post__read-more-wrapper\">\n\t\t\n\t\t<a class=\"elementor-post__read-more\" href=\"https:\/\/www.vestack.com\/en\/vestack-is-coming-in-impact-120\/\" aria-label=\"Read more about Vestack is coming in impact 120\" tabindex=\"-1\">\n\t\t\tRead more\t\t<\/a>\n\n\t\t\t\t\t<\/div>\n\t\t\t\t<\/div>\n\t\t\t\t<\/article>\n\t\t\t\t<article class=\"elementor-post elementor-grid-item post-5241 post type-post status-publish format-standard hentry category-media-en category-videos-en\" role=\"listitem\">\n\t\t\t\t<div class=\"elementor-post__text\">\n\t\t\t\t<h2 class=\"elementor-post__title\">\n\t\t\t<a href=\"https:\/\/www.vestack.com\/en\/la-rencontre-lsre-lauranne-schied\/\">\n\t\t\t\tLa rencontre &#8211; LSRE, Lauranne Schied\t\t\t<\/a>\n\t\t<\/h2>\n\t\t\t\t<div class=\"elementor-post__meta-data\">\n\t\t\t\t\t<span class=\"elementor-post-date\">\n\t\t\t23 November 2021\t\t<\/span>\n\t\t\t\t<\/div>\n\t\t\t\t<div class=\"elementor-post__excerpt\">\n\t\t\t<p>&#8220;La rencontre&#8221; : Dans cette s\u00e9rie d\u2019entretiens, @Vestack part \u00e0 la rencontre de ses partenaires, ses fournisseurs, ses clients, qui fa\u00e7onnent la ville de demain:\t\t<\/div>\n\t\t\t\t\t<div class=\"elementor-post__read-more-wrapper\">\n\t\t\n\t\t<a class=\"elementor-post__read-more\" href=\"https:\/\/www.vestack.com\/en\/la-rencontre-lsre-lauranne-schied\/\" aria-label=\"Read more about La rencontre &#8211; LSRE, Lauranne Schied\" tabindex=\"-1\">\n\t\t\tRead more\t\t<\/a>\n\n\t\t\t\t\t<\/div>\n\t\t\t\t<\/div>\n\t\t\t\t<\/article>\n\t\t\t\t<\/div>\n\t\t\t\t\t<span class=\"e-load-more-spinner\">\n\t\t\t\t<svg aria-hidden=\"true\" class=\"e-font-icon-svg e-fas-spinner\" viewBox=\"0 0 512 512\" xmlns=\"http:\/\/www.w3.org\/2000\/svg\"><path d=\"M304 48c0 26.51-21.49 48-48 48s-48-21.49-48-48 21.49-48 48-48 48 21.49 48 48zm-48 368c-26.51 0-48 21.49-48 48s21.49 48 48 48 48-21.49 48-48-21.49-48-48-48zm208-208c-26.51 0-48 21.49-48 48s21.49 48 48 48 48-21.49 48-48-21.49-48-48-48zM96 256c0-26.51-21.49-48-48-48S0 229.49 0 256s21.49 48 48 48 48-21.49 48-48zm12.922 99.078c-26.51 0-48 21.49-48 48s21.49 48 48 48 48-21.49 48-48c0-26.509-21.491-48-48-48zm294.156 0c-26.51 0-48 21.49-48 48s21.49 48 48 48 48-21.49 48-48c0-26.509-21.49-48-48-48zM108.922 60.922c-26.51 0-48 21.49-48 48s21.49 48 48 48 48-21.49 48-48-21.491-48-48-48z\"><\/path><\/svg>\t\t\t<\/span>\n\t\t\n\t\t\t\t<div class=\"e-load-more-anchor\" data-page=\"1\" data-max-page=\"2\" data-next-page=\"https:\/\/www.vestack.com\/en\/wp-json\/wp\/v2\/pages\/4523\/page\/2\/\"><\/div>\n\t\t\t\t<div class=\"e-load-more-message\"><\/div>\n\t\t\t\t\t\t<\/div>\n\t\t\t\t<\/div>\n\t\t\t\t\t<\/div>\n\t\t\t\t<\/div>\n\t\t\t\t<\/div>\n\t\t","protected":false},"excerpt":{"rendered":"<p>Download press kit<\/p>\n","protected":false},"author":2,"featured_media":0,"parent":0,"menu_order":0,"comment_status":"closed","ping_status":"closed","template":"","meta":{"_acf_changed":false,"footnotes":""},"class_list":["post-4523","page","type-page","status-publish","hentry"],"acf":[],"_links":{"self":[{"href":"https:\/\/www.vestack.com\/en\/wp-json\/wp\/v2\/pages\/4523","targetHints":{"allow":["GET"]}}],"collection":[{"href":"https:\/\/www.vestack.com\/en\/wp-json\/wp\/v2\/pages"}],"about":[{"href":"https:\/\/www.vestack.com\/en\/wp-json\/wp\/v2\/types\/page"}],"author":[{"embeddable":true,"href":"https:\/\/www.vestack.com\/en\/wp-json\/wp\/v2\/users\/2"}],"replies":[{"embeddable":true,"href":"https:\/\/www.vestack.com\/en\/wp-json\/wp\/v2\/comments?post=4523"}],"version-history":[{"count":0,"href":"https:\/\/www.vestack.com\/en\/wp-json\/wp\/v2\/pages\/4523\/revisions"}],"wp:attachment":[{"href":"https:\/\/www.vestack.com\/en\/wp-json\/wp\/v2\/media?parent=4523"}],"curies":[{"name":"wp","href":"https:\/\/api.w.org\/{rel}","templated":true}]}}